{"id":1467,"date":"2022-11-29T13:55:17","date_gmt":"2022-11-29T12:55:17","guid":{"rendered":"https:\/\/www.ilsalotto.be\/product\/rosso-2019-colli-tortonesi-doc\/"},"modified":"2024-03-02T14:47:57","modified_gmt":"2024-03-02T13:47:57","slug":"rosso-2019-colli-tortonesi-doc","status":"publish","type":"product","link":"https:\/\/www.ilsalotto.be\/fr\/produit\/rosso-2019-colli-tortonesi-doc\/","title":{"rendered":"Rosso 2022 Colli Tortonesi DOC"},"content":{"rendered":"<p>La couleur est rouge fonc\u00e9. Le bouquet est compos\u00e9 de fruits rouges, de maquis et d&rsquo;\u00e9pices. La bouche est structur\u00e9e, ferme et fra\u00eeche, ce qui est typique du Barbera.<\/p>\n","protected":false},"excerpt":{"rendered":"<p>La couleur est rouge fonc\u00e9. Le bouquet est compos\u00e9 de fruits rouges, de maquis et d&rsquo;\u00e9pices. La bouche est structur\u00e9e, ferme et fra\u00eeche, ce qui est typique du Barbera.<\/p>\n","protected":false},"featured_media":1087,"template":"","meta":{"_acf_changed":false,"inline_featured_image":false},"product_brand":[],"product_cat":[105,118,131],"product_tag":[],"class_list":{"0":"post-1467","1":"product","2":"type-product","3":"status-publish","4":"has-post-thumbnail","6":"product_cat-vin-rouge","7":"product_cat-oltretorrente-fr","8":"product_cat-piemonte-fr","10":"first","11":"instock","12":"taxable","13":"shipping-taxable","14":"purchasable","15":"product-type-simple"},"acf":[],"_links":{"self":[{"href":"https:\/\/www.ilsalotto.be\/fr\/wp-json\/wp\/v2\/product\/1467","targetHints":{"allow":["GET"]}}],"collection":[{"href":"https:\/\/www.ilsalotto.be\/fr\/wp-json\/wp\/v2\/product"}],"about":[{"href":"https:\/\/www.ilsalotto.be\/fr\/wp-json\/wp\/v2\/types\/product"}],"wp:featuredmedia":[{"embeddable":true,"href":"https:\/\/www.ilsalotto.be\/fr\/wp-json\/wp\/v2\/media\/1087"}],"wp:attachment":[{"href":"https:\/\/www.ilsalotto.be\/fr\/wp-json\/wp\/v2\/media?parent=1467"}],"wp:term":[{"taxonomy":"product_brand","embeddable":true,"href":"https:\/\/www.ilsalotto.be\/fr\/wp-json\/wp\/v2\/product_brand?post=1467"},{"taxonomy":"product_cat","embeddable":true,"href":"https:\/\/www.ilsalotto.be\/fr\/wp-json\/wp\/v2\/product_cat?post=1467"},{"taxonomy":"product_tag","embeddable":true,"href":"https:\/\/www.ilsalotto.be\/fr\/wp-json\/wp\/v2\/product_tag?post=1467"}],"curies":[{"name":"wp","href":"https:\/\/api.w.org\/{rel}","templated":true}]}}