{"id":2259,"date":"2022-12-02T13:25:36","date_gmt":"2022-12-02T12:25:36","guid":{"rendered":"https:\/\/www.ilsalotto.be\/faq\/"},"modified":"2023-03-06T14:23:43","modified_gmt":"2023-03-06T13:23:43","slug":"faq","status":"publish","type":"page","link":"https:\/\/www.ilsalotto.be\/en\/faq\/","title":{"rendered":"FAQ"},"content":{"rendered":"<style>.kt-accordion-id_dba4dd-06 .kt-accordion-inner-wrap{column-gap:var(--global-kb-gap-md, 2rem);row-gap:1px;}.kt-accordion-id_dba4dd-06 .kt-accordion-panel-inner{border-top-width:0px;border-right-width:0px;border-bottom-width:0px;border-left-width:0px;background:#ffffff;padding-top:20px;padding-right:0px;padding-bottom:30px;padding-left:0px;}.kt-accordion-id_dba4dd-06 .wp-block-kadence-pane .kt-accordion-header-wrap .kt-blocks-accordion-header{border-top-color:#eeeeee;border-right-color:#eeeeee;border-bottom-color:#eeeeee;border-left-color:#eeeeee;border-top-width:0px;border-right-width:0px;border-bottom-width:3px;border-left-width:0px;border-top-left-radius:0px;border-top-right-radius:0px;border-bottom-right-radius:0px;border-bottom-left-radius:0px;background:#ffffff;font-size:1em;line-height:1.5em;color:#161615;padding-top:20px;padding-right:0px;padding-bottom:20px;padding-left:0px;}.kt-accordion-id_dba4dd-06:not( .kt-accodion-icon-style-basiccircle ):not( .kt-accodion-icon-style-xclosecircle ):not( .kt-accodion-icon-style-arrowcircle ) .kt-blocks-accordion-icon-trigger:after, .kt-accordion-id_dba4dd-06:not( .kt-accodion-icon-style-basiccircle ):not( .kt-accodion-icon-style-xclosecircle ):not( .kt-accodion-icon-style-arrowcircle ) .kt-blocks-accordion-icon-trigger:before{background:#161615;}.kt-accordion-id_dba4dd-06:not( .kt-accodion-icon-style-basic ):not( .kt-accodion-icon-style-xclose ):not( .kt-accodion-icon-style-arrow ) .kt-blocks-accordion-icon-trigger{background:#161615;}.kt-accordion-id_dba4dd-06:not( .kt-accodion-icon-style-basic ):not( .kt-accodion-icon-style-xclose ):not( .kt-accodion-icon-style-arrow ) .kt-blocks-accordion-icon-trigger:after, .kt-accordion-id_dba4dd-06:not( .kt-accodion-icon-style-basic ):not( .kt-accodion-icon-style-xclose ):not( .kt-accodion-icon-style-arrow ) .kt-blocks-accordion-icon-trigger:before{background:#ffffff;}.kt-accordion-id_dba4dd-06 .kt-accordion-header-wrap .kt-blocks-accordion-header:hover, body:not(.hide-focus-outline) .kt-accordion-id_dba4dd-06 .kt-accordion-header-wrap .kt-blocks-accordion-header:focus-visible{color:#AE0018;background:#ffffff;border-top-color:#d4d4d4;border-right-color:#d4d4d4;border-bottom-color:#d4d4d4;border-left-color:#d4d4d4;}.kt-accordion-id_dba4dd-06:not( .kt-accodion-icon-style-basiccircle ):not( .kt-accodion-icon-style-xclosecircle ):not( .kt-accodion-icon-style-arrowcircle ) .kt-blocks-accordion-header:hover .kt-blocks-accordion-icon-trigger:after, .kt-accordion-id_dba4dd-06:not( .kt-accodion-icon-style-basiccircle ):not( .kt-accodion-icon-style-xclosecircle ):not( .kt-accodion-icon-style-arrowcircle ) .kt-blocks-accordion-header:hover .kt-blocks-accordion-icon-trigger:before, body:not(.hide-focus-outline) .kt-accordion-id_dba4dd-06:not( .kt-accodion-icon-style-basiccircle ):not( .kt-accodion-icon-style-xclosecircle ):not( .kt-accodion-icon-style-arrowcircle ) .kt-blocks-accordion--visible .kt-blocks-accordion-icon-trigger:after, body:not(.hide-focus-outline) .kt-accordion-id_dba4dd-06:not( .kt-accodion-icon-style-basiccircle ):not( .kt-accodion-icon-style-xclosecircle ):not( .kt-accodion-icon-style-arrowcircle ) .kt-blocks-accordion-header:focus-visible .kt-blocks-accordion-icon-trigger:before{background:#AE0018;}.kt-accordion-id_dba4dd-06:not( .kt-accodion-icon-style-basic ):not( .kt-accodion-icon-style-xclose ):not( .kt-accodion-icon-style-arrow ) .kt-blocks-accordion-header:hover .kt-blocks-accordion-icon-trigger, body:not(.hide-focus-outline) .kt-accordion-id_dba4dd-06:not( .kt-accodion-icon-style-basic ):not( .kt-accodion-icon-style-xclose ):not( .kt-accodion-icon-style-arrow ) .kt-blocks-accordion-header:focus-visible .kt-blocks-accordion-icon-trigger{background:#AE0018;}.kt-accordion-id_dba4dd-06:not( .kt-accodion-icon-style-basic ):not( .kt-accodion-icon-style-xclose ):not( .kt-accodion-icon-style-arrow ) .kt-blocks-accordion-header:hover .kt-blocks-accordion-icon-trigger:after, .kt-accordion-id_dba4dd-06:not( .kt-accodion-icon-style-basic ):not( .kt-accodion-icon-style-xclose ):not( .kt-accodion-icon-style-arrow ) .kt-blocks-accordion-header:hover .kt-blocks-accordion-icon-trigger:before, body:not(.hide-focus-outline) .kt-accordion-id_dba4dd-06:not( .kt-accodion-icon-style-basic ):not( .kt-accodion-icon-style-xclose ):not( .kt-accodion-icon-style-arrow ) .kt-blocks-accordion-header:focus-visible .kt-blocks-accordion-icon-trigger:after, body:not(.hide-focus-outline) .kt-accordion-id_dba4dd-06:not( .kt-accodion-icon-style-basic ):not( .kt-accodion-icon-style-xclose ):not( .kt-accodion-icon-style-arrow ) .kt-blocks-accordion-header:focus-visible .kt-blocks-accordion-icon-trigger:before{background:#ffffff;}.kt-accordion-id_dba4dd-06 .kt-accordion-header-wrap .kt-blocks-accordion-header:focus-visible, .kt-accordion-id_dba4dd-06 .kt-accordion-header-wrap .kt-blocks-accordion-header.kt-accordion-panel-active{color:#AE0018;background:#ffffff;border-top-color:#eeeeee;border-right-color:#eeeeee;border-bottom-color:#eeeeee;border-left-color:#0e9cd1;}.kt-accordion-id_dba4dd-06:not( .kt-accodion-icon-style-basiccircle ):not( .kt-accodion-icon-style-xclosecircle ):not( .kt-accodion-icon-style-arrowcircle ) .kt-blocks-accordion-header.kt-accordion-panel-active .kt-blocks-accordion-icon-trigger:after, .kt-accordion-id_dba4dd-06:not( .kt-accodion-icon-style-basiccircle ):not( .kt-accodion-icon-style-xclosecircle ):not( .kt-accodion-icon-style-arrowcircle ) .kt-blocks-accordion-header.kt-accordion-panel-active .kt-blocks-accordion-icon-trigger:before{background:#AE0018;}.kt-accordion-id_dba4dd-06:not( .kt-accodion-icon-style-basic ):not( .kt-accodion-icon-style-xclose ):not( .kt-accodion-icon-style-arrow ) .kt-blocks-accordion-header.kt-accordion-panel-active .kt-blocks-accordion-icon-trigger{background:#AE0018;}.kt-accordion-id_dba4dd-06:not( .kt-accodion-icon-style-basic ):not( .kt-accodion-icon-style-xclose ):not( .kt-accodion-icon-style-arrow ) .kt-blocks-accordion-header.kt-accordion-panel-active .kt-blocks-accordion-icon-trigger:after, .kt-accordion-id_dba4dd-06:not( .kt-accodion-icon-style-basic ):not( .kt-accodion-icon-style-xclose ):not( .kt-accodion-icon-style-arrow ) .kt-blocks-accordion-header.kt-accordion-panel-active .kt-blocks-accordion-icon-trigger:before{background:#ffffff;}@media all and (max-width: 767px){.kt-accordion-id_dba4dd-06 .kt-accordion-inner-wrap{display:block;}.kt-accordion-id_dba4dd-06 .kt-accordion-inner-wrap .kt-accordion-pane:not(:first-child){margin-top:1px;}}<\/style>\n<div class=\"wp-block-kadence-accordion alignnone\"><div class=\"kt-accordion-wrap kt-accordion-wrap kt-accordion-id_dba4dd-06 kt-accordion-has-8-panes kt-active-pane-0 kt-accordion-block kt-pane-header-alignment-left kt-accodion-icon-style-basic kt-accodion-icon-side-right\" style=\"max-width:none\"><div class=\"kt-accordion-inner-wrap\" data-allow-multiple-open=\"false\" data-start-open=\"0\"><div class=\"wp-block-kadence-pane kt-accordion-pane kt-accordion-pane-1 kt-pane_615875-fe\"><h2 class=\"kt-accordion-header-wrap\"><button class=\"kt-blocks-accordion-header kt-acccordion-button-label-show\"><span class=\"kt-blocks-accordion-title-wrap\"><span class=\"kt-blocks-accordion-title\">Wat zijn de transportkosten?<\/span><\/span><span class=\"kt-blocks-accordion-icon-trigger\"><\/span><\/button><\/h2><div class=\"kt-accordion-panel kt-accordion-panel-hidden\"><div class=\"kt-accordion-panel-inner\"><p>Transportkosten per zending in Belgi\u00eb:<br\/>Van 1 tot 3 flessen \u2026\u2026&#8230;. \u20ac 11,50<br\/>Van 4 tot 6 flessen &#8230;&#8230;&#8230; \u20ac 12,50<br\/>Van 7 tot 9 flessen &#8230;&#8230;&#8230; \u20ac 14,00<br\/>Van 10 tot 12 flessen &#8230;.. \u20ac 15,00<br\/>Van 13 tot 18 flessen \u2026\u2026 \u20ac 16,00<br\/>Verzending van meer dan 18 flessen is gratis<\/p><\/div><\/div><\/div>\n\n<div class=\"wp-block-kadence-pane kt-accordion-pane kt-accordion-pane-2 kt-pane_1d4f00-cd\"><h2 class=\"kt-accordion-header-wrap\"><button class=\"kt-blocks-accordion-header kt-acccordion-button-label-show\"><span class=\"kt-blocks-accordion-title-wrap\"><span class=\"kt-blocks-accordion-title\">Wat zijn de betalingsmogelijkheden?<\/span><\/span><span class=\"kt-blocks-accordion-icon-trigger\"><\/span><\/button><\/h2><div class=\"kt-accordion-panel kt-accordion-panel-hidden\"><div class=\"kt-accordion-panel-inner\"><p>Bancontact, IDEAL. Paypal en Kredietkaart<\/p>\n\n<style>.kb-image_f65eb8-42 .kb-image-has-overlay:after{opacity:0.3;}<\/style>\n<figure class=\"wp-block-kadence-image kb-image_f65eb8-42 size-full\"><img fetchpriority=\"high\" decoding=\"async\" width=\"400\" height=\"177\" src=\"https:\/\/www.ilsalotto.be\/wp-content\/uploads\/2022\/12\/betaalmogelijkheden.webp\" alt=\"\" class=\"kb-img wp-image-726\" srcset=\"https:\/\/www.ilsalotto.be\/wp-content\/uploads\/2022\/12\/betaalmogelijkheden.webp 400w, https:\/\/www.ilsalotto.be\/wp-content\/uploads\/2022\/12\/betaalmogelijkheden-300x133.webp 300w\" sizes=\"(max-width: 400px) 100vw, 400px\" \/><\/figure><\/div><\/div><\/div>\n\n<div class=\"wp-block-kadence-pane kt-accordion-pane kt-accordion-pane-3 kt-pane_8ee5cd-a3\"><h2 class=\"kt-accordion-header-wrap\"><button class=\"kt-blocks-accordion-header kt-acccordion-button-label-show\"><span class=\"kt-blocks-accordion-title-wrap\"><span class=\"kt-blocks-accordion-title\">Krijg ik een factuur?<\/span><\/span><span class=\"kt-blocks-accordion-icon-trigger\"><\/span><\/button><\/h2><div class=\"kt-accordion-panel kt-accordion-panel-hidden\"><div class=\"kt-accordion-panel-inner\"><p>Als je een factuur nodig hebt, geef ons dan gewoon je btw-nummer en alle benodigde gegevens, zodat we je die per e-mail kunnen toesturen.<\/p><\/div><\/div><\/div>\n\n<div class=\"wp-block-kadence-pane kt-accordion-pane kt-accordion-pane-4 kt-pane_a19592-4c\"><h2 class=\"kt-accordion-header-wrap\"><button class=\"kt-blocks-accordion-header kt-acccordion-button-label-show\"><span class=\"kt-blocks-accordion-title-wrap\"><span class=\"kt-blocks-accordion-title\">Berekent u ook BTW?<\/span><\/span><span class=\"kt-blocks-accordion-icon-trigger\"><\/span><\/button><\/h2><div class=\"kt-accordion-panel kt-accordion-panel-hidden\"><div class=\"kt-accordion-panel-inner\"><p>Alle prijzen zijn incl. BTW<\/p><\/div><\/div><\/div>\n\n<div class=\"wp-block-kadence-pane kt-accordion-pane kt-accordion-pane-5 kt-pane_b786da-d3\"><h2 class=\"kt-accordion-header-wrap\"><button class=\"kt-blocks-accordion-header kt-acccordion-button-label-show\"><span class=\"kt-blocks-accordion-title-wrap\"><span class=\"kt-blocks-accordion-title\">Hoe ziet de verpakking eruit?<\/span><\/span><span class=\"kt-blocks-accordion-icon-trigger\"><\/span><\/button><\/h2><div class=\"kt-accordion-panel kt-accordion-panel-hidden\"><div class=\"kt-accordion-panel-inner\"><p>Sterke kartondozen gemaakt voor veilige verzending van flessen.<br\/>Premium oplossing. Deze biedt extra bescherming, bijv. te gebruiken voor dure flessen of bij verzending naar het buitenland.<\/p>\n\n<style>.kb-image_b0a10f-8b .kb-image-has-overlay:after{opacity:0.3;}<\/style>\n<figure class=\"wp-block-kadence-image kb-image_b0a10f-8b size-full\"><img decoding=\"async\" width=\"400\" height=\"216\" src=\"https:\/\/www.ilsalotto.be\/wp-content\/uploads\/2022\/12\/flesverpakking.webp\" alt=\"\" class=\"kb-img wp-image-727\" srcset=\"https:\/\/www.ilsalotto.be\/wp-content\/uploads\/2022\/12\/flesverpakking.webp 400w, https:\/\/www.ilsalotto.be\/wp-content\/uploads\/2022\/12\/flesverpakking-300x162.webp 300w\" sizes=\"(max-width: 400px) 100vw, 400px\" \/><\/figure><\/div><\/div><\/div>\n\n<div class=\"wp-block-kadence-pane kt-accordion-pane kt-accordion-pane-6 kt-pane_28c459-bf\"><h2 class=\"kt-accordion-header-wrap\"><button class=\"kt-blocks-accordion-header kt-acccordion-button-label-show\"><span class=\"kt-blocks-accordion-title-wrap\"><span class=\"kt-blocks-accordion-title\">Ik heb een klacht<\/span><\/span><span class=\"kt-blocks-accordion-icon-trigger\"><\/span><\/button><\/h2><div class=\"kt-accordion-panel kt-accordion-panel-hidden\"><div class=\"kt-accordion-panel-inner\"><p>Stuur ons een mail op <a href=\"mailto:info@ilsalotto.be\">info@ilsalotto.be<\/a> &#8211; we zullen ons best doen om u te helpen<\/p><\/div><\/div><\/div>\n\n<div class=\"wp-block-kadence-pane kt-accordion-pane kt-accordion-pane-7 kt-pane_ae8208-a9\"><h2 class=\"kt-accordion-header-wrap\"><button class=\"kt-blocks-accordion-header kt-acccordion-button-label-show\"><span class=\"kt-blocks-accordion-title-wrap\"><span class=\"kt-blocks-accordion-title\">Hoe meld ik schade?<\/span><\/span><span class=\"kt-blocks-accordion-icon-trigger\"><\/span><\/button><\/h2><div class=\"kt-accordion-panel kt-accordion-panel-hidden\"><div class=\"kt-accordion-panel-inner\"><p>Onze dozen zijn echt heel veilig voor verzending van glazen flessen, dus de schade is bijna onmogelijk. Mocht dit toch gebeuren, neem dan een foto die de situatie van het pakket goed laat zien en stuur deze samen met een e-mail naar <a href=\"mailto:info@ilsalotto.be\">info@ilsalotto.be<\/a> waarin je uitlegt wat er is gebeurd. We zullen de situatie controleren en zo snel mogelijk contact met u opnemen.<\/p><\/div><\/div><\/div>\n\n<div class=\"wp-block-kadence-pane kt-accordion-pane kt-accordion-pane-8 kt-pane_5ec65f-ab\"><h2 class=\"kt-accordion-header-wrap\"><button class=\"kt-blocks-accordion-header kt-acccordion-button-label-show\"><span class=\"kt-blocks-accordion-title-wrap\"><span class=\"kt-blocks-accordion-title\">Kan ik ook in de winkel afhalen?<\/span><\/span><span class=\"kt-blocks-accordion-icon-trigger\"><\/span><\/button><\/h2><div class=\"kt-accordion-panel kt-accordion-panel-hidden\"><div class=\"kt-accordion-panel-inner\"><p>Natuurlijk is het mogelijk! &#8211; Komt u persoonlijk naar Il Salotto dan kunt u al ons assortiment bekijken omdat niet al onze wijnen in de webshop worden verkocht. Als u voor deze optie kiest, betaalt u geen bezorgkosten (uiteraard).<\/p><\/div><\/div><\/div><\/div><\/div><div style=\"overflow:hidden;height:1px;\"><p>Mnoho snov po dobu 18 rokov nem\u00e1 ni\u010d spolo\u010dn\u00e9 so sexom. Ak ste sn\u00edvali o rom\u00e1ne s va\u0161ou hlavou, sotva ho s n\u00edm s v\u00e1\u0161\u0148ou nestla\u010dila. M\u00f4\u017ee to napr\u00edklad znamena\u0165, \u017ee <a href=\"https:\/\/lekaren-slovenska24.com\/kupit-kamagra-zele-online-lekaren\/\">kamagra gel<\/a> na pov\u00fd\u0161enie alebo si mysl\u00edte, \u017ee je \u010das ju zmeni\u0165. A em\u00f3cie obdobia prebudenia sa pohybuj\u00fa v obr\u00e1zkoch, ktor\u00e9 vid\u00edte vo sne.<\/p><\/div><\/div>","protected":false},"excerpt":{"rendered":"","protected":false},"author":1,"featured_media":0,"parent":0,"menu_order":0,"comment_status":"closed","ping_status":"closed","template":"normal-page.php","meta":{"_acf_changed":false,"inline_featured_image":false,"footnotes":""},"class_list":["post-2259","page","type-page","status-publish","hentry"],"acf":[],"_links":{"self":[{"href":"https:\/\/www.ilsalotto.be\/en\/wp-json\/wp\/v2\/pages\/2259","targetHints":{"allow":["GET"]}}],"collection":[{"href":"https:\/\/www.ilsalotto.be\/en\/wp-json\/wp\/v2\/pages"}],"about":[{"href":"https:\/\/www.ilsalotto.be\/en\/wp-json\/wp\/v2\/types\/page"}],"author":[{"embeddable":true,"href":"https:\/\/www.ilsalotto.be\/en\/wp-json\/wp\/v2\/users\/1"}],"replies":[{"embeddable":true,"href":"https:\/\/www.ilsalotto.be\/en\/wp-json\/wp\/v2\/comments?post=2259"}],"version-history":[{"count":1,"href":"https:\/\/www.ilsalotto.be\/en\/wp-json\/wp\/v2\/pages\/2259\/revisions"}],"predecessor-version":[{"id":2342,"href":"https:\/\/www.ilsalotto.be\/en\/wp-json\/wp\/v2\/pages\/2259\/revisions\/2342"}],"wp:attachment":[{"href":"https:\/\/www.ilsalotto.be\/en\/wp-json\/wp\/v2\/media?parent=2259"}],"curies":[{"name":"wp","href":"https:\/\/api.w.org\/{rel}","templated":true}]}}